{"id":10784,"date":"2022-10-09T10:20:37","date_gmt":"2022-10-09T10:20:37","guid":{"rendered":"https:\/\/kodesolution.com\/2022\/orgonic\/?page_id=10784"},"modified":"2023-11-16T08:23:31","modified_gmt":"2023-11-16T08:23:31","slug":"oto-kiralama-ankara-kurumsal","status":"publish","type":"page","link":"https:\/\/www.akmilenyum.com\/index.php\/oto-kiralama-ankara-kurumsal\/","title":{"rendered":"Kurumsal"},"content":{"rendered":"\t\t<div data-elementor-type=\"wp-page\" data-elementor-id=\"10784\" class=\"elementor elementor-10784\" data-elementor-post-type=\"page\">\n\t\t\t\t\t\t\t\t\t<section class=\"elementor-section elementor-top-section elementor-element elementor-element-98beceb elementor-section-stretched elementor-section-boxed elementor-section-height-default elementor-section-height-default tm-col-stretched-none tm-bg-color-over-image\" data-id=\"98beceb\" data-element_type=\"section\" data-settings=\"{&quot;stretch_section&quot;:&quot;section-stretched&quot;,&quot;background_background&quot;:&quot;classic&quot;}\">\n\t\t\t\t\t\t\t<div class=\"elementor-background-overlay\"><\/div>\n\t\t\t\t\t\t\t<div class=\"elementor-container elementor-column-gap-extended\">\n\t\t\t\t\t<div class=\"elementor-column elementor-col-33 elementor-top-column elementor-element elementor-element-238e9e7 tm-bg-color-over-image\" data-id=\"238e9e7\" data-element_type=\"column\">\n\t\t\t<div class=\"elementor-widget-wrap elementor-element-populated\">\n\t\t\t\t\t\t\t\t<div class=\"elementor-element elementor-element-27825e5 elementor-widget elementor-widget-image\" data-id=\"27825e5\" data-element_type=\"widget\" data-widget_type=\"image.default\">\n\t\t\t\t<div class=\"elementor-widget-container\">\n\t\t\t<style>\/*! elementor - v3.17.0 - 08-11-2023 *\/\n.elementor-widget-image{text-align:center}.elementor-widget-image a{display:inline-block}.elementor-widget-image a img[src$=\".svg\"]{width:48px}.elementor-widget-image img{vertical-align:middle;display:inline-block}<\/style>\t\t\t\t\t\t\t\t\t\t\t\t<img fetchpriority=\"high\" decoding=\"async\" width=\"576\" height=\"1024\" src=\"https:\/\/www.akmilenyum.com\/wp-content\/uploads\/2023\/11\/427eaced96b70792251d9d350779ff77-576x1024.jpg\" class=\"attachment-large size-large wp-image-48169\" alt=\"\" srcset=\"https:\/\/www.akmilenyum.com\/wp-content\/uploads\/2023\/11\/427eaced96b70792251d9d350779ff77-576x1024.jpg 576w, https:\/\/www.akmilenyum.com\/wp-content\/uploads\/2023\/11\/427eaced96b70792251d9d350779ff77-169x300.jpg 169w, https:\/\/www.akmilenyum.com\/wp-content\/uploads\/2023\/11\/427eaced96b70792251d9d350779ff77-768x1365.jpg 768w, https:\/\/www.akmilenyum.com\/wp-content\/uploads\/2023\/11\/427eaced96b70792251d9d350779ff77-864x1536.jpg 864w, https:\/\/www.akmilenyum.com\/wp-content\/uploads\/2023\/11\/427eaced96b70792251d9d350779ff77-600x1067.jpg 600w, https:\/\/www.akmilenyum.com\/wp-content\/uploads\/2023\/11\/427eaced96b70792251d9d350779ff77.jpg 1080w\" sizes=\"(max-width: 576px) 100vw, 576px\" \/>\t\t\t\t\t\t\t\t\t\t\t\t\t\t\t<\/div>\n\t\t\t\t<\/div>\n\t\t\t\t\t<\/div>\n\t\t<\/div>\n\t\t\t\t<div class=\"elementor-column elementor-col-33 elementor-top-column elementor-element elementor-element-56be4a6 tm-bg-color-over-image\" data-id=\"56be4a6\" data-element_type=\"column\">\n\t\t\t<div class=\"elementor-widget-wrap\">\n\t\t\t\t\t\t\t\t\t<\/div>\n\t\t<\/div>\n\t\t\t\t<div class=\"elementor-column elementor-col-33 elementor-top-column elementor-element elementor-element-12a4c1c tm-bg-color-over-image\" data-id=\"12a4c1c\" data-element_type=\"column\">\n\t\t\t<div class=\"elementor-widget-wrap elementor-element-populated\">\n\t\t\t\t\t\t\t\t<div class=\"elementor-element elementor-element-357692e horizontal-line-align-left vertical-line-align-bottom elementor-widget elementor-widget-tm-ele-section-title\" data-id=\"357692e\" data-element_type=\"widget\" data-widget_type=\"tm-ele-section-title.default\">\n\t\t\t\t<div class=\"elementor-widget-container\">\n\t\t\t<div class=\"tm-sc-section-title section-title \">\r\n\t<div class=\"title-wrapper\">\r\n\t\t\t\t\t\t<h6 class=\"subtitle \">\r\n\r\n\t\t\r\n\t\tAnkara Oto Kiralama\t<\/h6>\r\n\t\t\t\t<h2 class=\"title \">\r\n\r\n\t\t\r\n\t\t\t\t<span class=\"title-part1 \">Ak Milenyum<\/span>\r\n\t\t\t\t\r\n\t\t\r\n\t<\/h2>\r\n\t<div class=\"title-seperator-line\"><\/div>\t\t\t\t\t\t<\/div>\r\n<\/div>\t\t<\/div>\n\t\t\t\t<\/div>\n\t\t\t\t<div class=\"elementor-element elementor-element-2822c41 elementor-widget elementor-widget-tm-ele-text-editor\" data-id=\"2822c41\" data-element_type=\"widget\" data-widget_type=\"tm-ele-text-editor.default\">\n\t\t\t\t<div class=\"elementor-widget-container\">\n\t\t\t\t\t<div class=\"tm-text-editor\">\r\n\t\t<p style=\"text-align: justify;\">Bizler her zaman kendimizi, \u00f6denen paran\u0131n kar\u015f\u0131l\u0131\u011f\u0131n\u0131 en iyi \u015fekilde vermeye adam\u0131\u015f bulunmaktay\u0131z. \u015eimdi de her \u015feyin kontrol\u00fcn\u00fcz alt\u0131nda olmas\u0131n\u0131 sa\u011flamak ve b\u00fct\u00e7enizden tasarruf etmenize yard\u0131mc\u0131 olmak amac\u0131yla tasarlanm\u0131\u015f, her\u015fey dahil \u00fccretlerimiz ve \u00e7e\u015fitli \u00f6deme y\u00f6ntemlerimizle hizmetinizdeyiz. Ankara Ak Milenyum Oto Kiralama\u2019da d\u00fc\u015f\u00fcnmeniz gereken tek \u015fey kaliteli, konforlu ve ucuz kiralanan bir arac\u0131n keyfini \u00e7\u0131karmakt\u0131r. Ankara ara\u00e7 kiralama olarak misyon ve vizyonu do\u011frultusunda, \u00e7al\u0131\u015fanlar\u0131n uyum i\u00e7inde y\u00fcksek motivasyonlu, s\u00fcrekli \u00f6\u011frenen, yetkinlikleri geli\u015fmi\u015f, bireysel sorumluluk alabilen, de\u011fi\u015fime a\u00e7\u0131k bireyler olarak katma de\u011fer \u00fcretken bir ortam olu\u015fturmak.<\/p><p style=\"text-align: justify;\">Ara\u00e7 filosunu m\u00fc\u015fteri odakl\u0131 geli\u015ftiren firmam\u0131z, s\u00fcrekli yenilenen ara\u00e7lar\u0131 ve t\u00fcm ara\u00e7lar\u0131n\u0131n iste\u011fe g\u00f6re benzin veya dizel olmas\u0131 nedeniyle m\u00fc\u015fterisine en iyi araba kiralama hizmeti vermeyi hedeflemektedir. Filosunda bulunan geni\u015f ara\u00e7 se\u00e7enekleri ekonomik grup ara\u00e7lardan, minib\u00fcslere kadar \u00e7e\u015fitlilik g\u00f6stermekte, Ankara\u00a0 ve \u00e7evresinde her t\u00fcrl\u00fc otomobil ihtiyac\u0131na cevap verebilmektedir.<\/p><p style=\"text-align: justify;\">Ankara merkezli olarak siz de\u011ferli m\u00fc\u015fterilerimize i\u015f ve seyahate \u00e7\u0131kt\u0131\u011f\u0131n\u0131zda, t\u00fcm talep ve beklentilerinizi en iyi ve en h\u0131zl\u0131 \u015fekilde ger\u00e7ekle\u015ftirmedeki kararl\u0131l\u0131\u011f\u0131yla oto kiralama sekt\u00f6r\u00fcnde en uygun fiyat ve en iyi hizmet anlay\u0131\u015f\u0131na sahip olan firmam\u0131z, teknolojideki ve sekt\u00f6r\u00fcndeki geli\u015fmeleri, yenilikleri sizlere sunmakta gecikmeyen, filosunun geni\u015fli\u011fiyle, yenili\u011fiyle, kalitesiyle ve g\u00fcvenilirli\u011fiyle s\u00fcrekli kendini yenileyen firma olarak siz de\u011ferli m\u00fc\u015fterilerimize hizmet vermekten her zaman mutluluk duymaktad\u0131r.<\/p>\t\t<\/div>\r\n\t\t\t<\/div>\n\t\t\t\t<\/div>\n\t\t\t\t\t<\/div>\n\t\t<\/div>\n\t\t\t\t\t\t\t<\/div>\n\t\t<\/section>\n\t\t\t\t\t\t\t<\/div>\n\t\t","protected":false},"excerpt":{"rendered":"<p>Ankara Oto Kiralama Ak Milenyum Bizler her zaman kendimizi, \u00f6denen paran\u0131n kar\u015f\u0131l\u0131\u011f\u0131n\u0131 en iyi \u015fekilde vermeye adam\u0131\u015f bulunmaktay\u0131z. \u015eimdi de&#8230;<\/p>\n","protected":false},"author":1,"featured_media":0,"parent":0,"menu_order":0,"comment_status":"closed","ping_status":"closed","template":"","meta":{"footnotes":""},"class_list":["post-10784","page","type-page","status-publish","hentry"],"_links":{"self":[{"href":"https:\/\/www.akmilenyum.com\/index.php\/wp-json\/wp\/v2\/pages\/10784","targetHints":{"allow":["GET"]}}],"collection":[{"href":"https:\/\/www.akmilenyum.com\/index.php\/wp-json\/wp\/v2\/pages"}],"about":[{"href":"https:\/\/www.akmilenyum.com\/index.php\/wp-json\/wp\/v2\/types\/page"}],"author":[{"embeddable":true,"href":"https:\/\/www.akmilenyum.com\/index.php\/wp-json\/wp\/v2\/users\/1"}],"replies":[{"embeddable":true,"href":"https:\/\/www.akmilenyum.com\/index.php\/wp-json\/wp\/v2\/comments?post=10784"}],"version-history":[{"count":8,"href":"https:\/\/www.akmilenyum.com\/index.php\/wp-json\/wp\/v2\/pages\/10784\/revisions"}],"predecessor-version":[{"id":48175,"href":"https:\/\/www.akmilenyum.com\/index.php\/wp-json\/wp\/v2\/pages\/10784\/revisions\/48175"}],"wp:attachment":[{"href":"https:\/\/www.akmilenyum.com\/index.php\/wp-json\/wp\/v2\/media?parent=10784"}],"curies":[{"name":"wp","href":"https:\/\/api.w.org\/{rel}","templated":true}]}}