{"id":48163,"date":"2023-11-16T08:18:28","date_gmt":"2023-11-16T08:18:28","guid":{"rendered":"https:\/\/alfayazilim.com.tr\/akmilenyum2023\/?page_id=48163"},"modified":"2023-11-16T08:19:10","modified_gmt":"2023-11-16T08:19:10","slug":"kiralama-kosullari","status":"publish","type":"page","link":"https:\/\/www.akmilenyum.com\/index.php\/kiralama-kosullari\/","title":{"rendered":"Kiralama Ko\u015fullar\u0131"},"content":{"rendered":"<p><strong>OTOMOB\u0130L K\u0130RALAMA S\u00dcRES\u0130\u00a0<\/strong><br \/>\nEn k\u0131sa kiralama s\u00fcresi 24 saattir. Teslim gecikmelerinde her ek saat i\u00e7in g\u00fcnl\u00fck \u00fccretin 1\/3\u2019\u00fc al\u0131n\u0131r. Toplam 3 saati a\u015fan gecikmelerde CDW (Kasko) \u00fccreti dahil tam g\u00fcn \u00fccreti al\u0131n\u0131r.<\/p>\n<p><strong>UZUN S\u00dcREL\u0130 K\u0130RALAMALAR<\/strong><br \/>\nUzun s\u00fcreli kiralama i\u00e7in en az kiralama s\u00fcresi 30 g\u00fcnd\u00fcr. \u00d6zel fiyat uygulan\u0131r. Kiralama fiyat\u0131 ve ko\u015fullar\u0131na ili\u015fkin bilgi i\u00e7in +90 312 430 44 55 no\u2019lu telefondan Ak Milenyum ofisini arayabilirsiniz.<\/p>\n<p><strong>TEK Y\u00d6N K\u0130RALAMA<\/strong><br \/>\nArac\u0131n teslim al\u0131nd\u0131\u011f\u0131 \u015fehirden ba\u015fka bir \u015fehirde iadesi durumunda kiralama s\u00fcresine bak\u0131lmaks\u0131z\u0131n Tek Y\u00f6n \u00dccreti uygulan\u0131r. Tek y\u00f6n \u00fccret bilgileri i\u00e7in Ak Milenyum ofisini arayabilirsiniz.<\/p>\n<p><strong>ARA\u00c7 TESL\u0130M ALMA \u2013 ARA\u00c7 BIRAKMA<\/strong><br \/>\n24 saat kesintisiz hizmet veren Uluslar Aras\u0131 Hava Limanlar\u0131 Ofislerimizde g\u00fcn\u00fcn her saatinde, di\u011fer ofislerimizde ise mesai saatleri i\u00e7inde ara\u00e7 teslimi ve m\u00fc\u015fteriden ara\u00e7 teslim al\u0131nmas\u0131 \u00fccretsizdir. Uluslar Aras\u0131 Hava Limanlar\u0131 haricinde mesai saatleri d\u0131\u015f\u0131nda ger\u00e7ekle\u015fecek ara\u00e7 teslimatlar\u0131 ve ara\u00e7 b\u0131rakmalar\u0131 \u00fccretsizdir.<\/p>\n<p><strong>HAVA L\u0130MANLARI H\u0130ZMET \u00dcCRET\u0130\u00a0<\/strong><br \/>\n24 Saat kesintisiz hizmet veren Uluslar Aras\u0131 Hava Limanlar\u0131ndaki Ak Milenyum Ofislerinden yap\u0131lan kiralamalarda Hava Alan\u0131 Hizmet \u00fccreti al\u0131nmaz.<\/p>\n<p><strong>S\u00dcR\u00dcC\u00dc BELGES\u0130 \u2013 KULLANIM YA\u015eI<\/strong><br \/>\nEn az 22 ya\u015f\u0131n\u0131 doldurmu\u015f 2 y\u0131ll\u0131k gecerli ehliyet sahipleri olan \u015fah\u0131slar ara\u00e7 kiralayabilir.., L\u00fcks ara\u00e7larda ise \u00a0en az 25 ya\u015f ya\u015f\u0131n\u0131 dolmurmu\u015f olma mecburiyeti vard\u0131r.<\/p>\n<p><strong>\u0130LAVE S\u00dcR\u00dcC\u00dc<\/strong><br \/>\nKirac\u0131 d\u0131\u015f\u0131nda arac\u0131n ba\u015fkas\u0131 taraf\u0131ndan kullan\u0131labilmesi ancak s\u00fcr\u00fcc\u00fc belgesi ve kullan\u0131m ya\u015f\u0131 kurallar\u0131na uygun s\u00fcr\u00fcc\u00fclerin ge\u00e7erli kimlik ve ehliyetlerinin s\u00f6zle\u015fmeye kayd\u0131 ile m\u00fcmk\u00fcnd\u00fcr. Ba\u015fka kay\u0131t yoksa ve kazan\u0131n kayd\u0131 olmayan s\u00fcr\u00fcc\u00fc taraf\u0131ndan yap\u0131ld\u0131\u011f\u0131 tespit edilirse sigortalar ge\u00e7ersiz olur.<\/p>\n<p><strong>F\u0130YATLARA DAH\u0130L OLAN \u2013 OLMAYAN HUSUSLAR<\/strong><br \/>\nFiyatlara ara\u00e7lar\u0131n g\u00fcnl\u00fck s\u0131n\u0131rl\u0131 kilometre kullan\u0131m hakk\u0131, ara\u00e7 bak\u0131m giderleri ve kasko dahildir. Yak\u0131t, k\u00f6pr\u00fc,otoyol \u00fccretleri, trafik cezalar\u0131 ile sigortalar , tek y\u00f6n \u00fccreti, ara\u00e7 teslim etme ve teslim alma \u00fccretleri, bebek koltu\u011fu gibi ekstra talepler ve Katma De\u011fer Vergisi (KDV)fiyatlara dahil de\u011fildir.<\/p>\n<p><strong>\u00d6DEME \u2013 DEPOZ\u0130T<\/strong><br \/>\nKira \u00fccretlerinin \u00f6denmesinde ge\u00e7erli t\u00fcm kredi kartlar\u0131 kabul edilir. Bo\u015f kredi kart\u0131 slip\u2019i depozit olarak al\u0131n\u0131r.<\/p>\n<p><em>Ak Milenyum F\u0130YAT VE KO\u015eULLARI \u0130LE TAR\u0130FEDE BEL\u0130RT\u0130LEN ARA\u00c7 T\u0130PLER\u0130N\u0130 \u00d6NCEDEN HABER VERMEKS\u0130Z\u0130N DE\u011e\u0130\u015eT\u0130RME HAKKINI SAKLI TUTAR.<\/em><\/p>\n<p><strong>TRAF\u0130K CEZALARI<\/strong><br \/>\nT\u00fcrkiye\u2019deki trafik yasalar\u0131 otoyollarda en \u00e7ok 120km. , \u015fehirleraras\u0131 yollarda 90km. ve \u015fehiri\u00e7lerinde ise 50km. h\u0131za izin vermektedir. Park ederken PARK YASA\u011eI i\u015faretlerine uyunuz. Trafik yasalar\u0131na uyulmamas\u0131ndan ve kirac\u0131n\u0131n kusurundan do\u011fabilecek hareketlere uygulanacak trafik cezalar\u0131 ve yasal sorumluluklar kirac\u0131ya aittir. Ara\u00e7 b\u0131rak\u0131ld\u0131ktan sonra Ak Milenyum\u2019a \u00a0ula\u015fan trafik cezalar\u0131 kirac\u0131ya yans\u0131t\u0131l\u0131r ve ilgili tutar nakit olarak veya kredi kart\u0131 (mail order) ile kirac\u0131dan tahsil edilir. Ara\u00e7lar\u0131n hangi nedenle olursa olsun resmi veya yerel makamlar taraf\u0131ndan tutulmas\u0131 nedeni ile ge\u00e7ecek zaman s\u00f6zle\u015fme s\u00fcresi i\u00e7inde kabul edilir.<\/p>\n","protected":false},"excerpt":{"rendered":"<p>OTOMOB\u0130L K\u0130RALAMA S\u00dcRES\u0130\u00a0 En k\u0131sa kiralama s\u00fcresi 24 saattir. Teslim gecikmelerinde her ek saat i\u00e7in g\u00fcnl\u00fck \u00fccretin 1\/3\u2019\u00fc al\u0131n\u0131r. Toplam&#8230;<\/p>\n","protected":false},"author":1,"featured_media":0,"parent":0,"menu_order":0,"comment_status":"closed","ping_status":"closed","template":"","meta":{"footnotes":""},"class_list":["post-48163","page","type-page","status-publish","hentry"],"_links":{"self":[{"href":"https:\/\/www.akmilenyum.com\/index.php\/wp-json\/wp\/v2\/pages\/48163","targetHints":{"allow":["GET"]}}],"collection":[{"href":"https:\/\/www.akmilenyum.com\/index.php\/wp-json\/wp\/v2\/pages"}],"about":[{"href":"https:\/\/www.akmilenyum.com\/index.php\/wp-json\/wp\/v2\/types\/page"}],"author":[{"embeddable":true,"href":"https:\/\/www.akmilenyum.com\/index.php\/wp-json\/wp\/v2\/users\/1"}],"replies":[{"embeddable":true,"href":"https:\/\/www.akmilenyum.com\/index.php\/wp-json\/wp\/v2\/comments?post=48163"}],"version-history":[{"count":2,"href":"https:\/\/www.akmilenyum.com\/index.php\/wp-json\/wp\/v2\/pages\/48163\/revisions"}],"predecessor-version":[{"id":48165,"href":"https:\/\/www.akmilenyum.com\/index.php\/wp-json\/wp\/v2\/pages\/48163\/revisions\/48165"}],"wp:attachment":[{"href":"https:\/\/www.akmilenyum.com\/index.php\/wp-json\/wp\/v2\/media?parent=48163"}],"curies":[{"name":"wp","href":"https:\/\/api.w.org\/{rel}","templated":true}]}}