{"id":48166,"date":"2023-11-16T08:19:41","date_gmt":"2023-11-16T08:19:41","guid":{"rendered":"https:\/\/alfayazilim.com.tr\/akmilenyum2023\/?page_id=48166"},"modified":"2023-11-16T08:30:58","modified_gmt":"2023-11-16T08:30:58","slug":"hizmetlerimiz","status":"publish","type":"page","link":"https:\/\/www.akmilenyum.com\/index.php\/hizmetlerimiz\/","title":{"rendered":"Hizmetlerimiz"},"content":{"rendered":"\t\t<div data-elementor-type=\"wp-page\" data-elementor-id=\"48166\" class=\"elementor elementor-48166\" data-elementor-post-type=\"page\">\n\t\t\t\t\t\t\t<div class=\"elementor-element elementor-element-1f99f29 e-flex e-con-boxed e-con e-parent\" data-id=\"1f99f29\" data-element_type=\"container\" data-settings=\"{&quot;content_width&quot;:&quot;boxed&quot;}\" data-core-v316-plus=\"true\">\n\t\t\t\t\t<div class=\"e-con-inner\">\n\t\t<div class=\"elementor-element elementor-element-5eca7ab e-con-full e-flex e-con e-child\" data-id=\"5eca7ab\" data-element_type=\"container\" data-settings=\"{&quot;content_width&quot;:&quot;full&quot;}\">\n\t\t\t\t<div class=\"elementor-element elementor-element-1bcb3e6 elementor-widget elementor-widget-text-editor\" data-id=\"1bcb3e6\" data-element_type=\"widget\" data-widget_type=\"text-editor.default\">\n\t\t\t\t<div class=\"elementor-widget-container\">\n\t\t\t<style>\/*! elementor - v3.17.0 - 08-11-2023 *\/\n.elementor-widget-text-editor.elementor-drop-cap-view-stacked .elementor-drop-cap{background-color:#69727d;color:#fff}.elementor-widget-text-editor.elementor-drop-cap-view-framed .elementor-drop-cap{color:#69727d;border:3px solid;background-color:transparent}.elementor-widget-text-editor:not(.elementor-drop-cap-view-default) .elementor-drop-cap{margin-top:8px}.elementor-widget-text-editor:not(.elementor-drop-cap-view-default) .elementor-drop-cap-letter{width:1em;height:1em}.elementor-widget-text-editor .elementor-drop-cap{float:left;text-align:center;line-height:1;font-size:50px}.elementor-widget-text-editor .elementor-drop-cap-letter{display:inline-block}<\/style>\t\t\t\t<p style=\"text-align: justify;\"><strong>Ak Milenyum Oto Kiralama Ankara<\/strong>, sekt\u00f6rde lider, g\u00fcvenilir ve m\u00fc\u015fteri odakl\u0131 bir oto kiralama \u015firketidir. Firmam\u0131z, geni\u015f ara\u00e7 filosu, kaliteli hizmet anlay\u0131\u015f\u0131 ve uzman kadrosuyla m\u00fc\u015fterilerimize m\u00fckemmel bir kiralama deneyimi sunmay\u0131 taahh\u00fct eder.<\/p><p style=\"text-align: justify;\"><strong>Fark Yaratan Hizmetlerimiz:<\/strong><\/p><p style=\"text-align: justify;\"><strong>Geni\u015f Ara\u00e7 Filosu:<\/strong> <strong>Ak Milenyum Oto Kiralama Ankara<\/strong>, farkl\u0131 ihtiya\u00e7lara ve b\u00fct\u00e7elere uygun geni\u015f bir ara\u00e7 yelpazesi sunar. Konforlu sedanlardan SUV&#8217;lara, l\u00fcks ara\u00e7lardan ticari ara\u00e7lara kadar \u00e7e\u015fitli se\u00e7enekler aras\u0131ndan se\u00e7im yapabilirsiniz.<\/p><p style=\"text-align: justify;\"><strong>G\u00fcvenlik ve Bak\u0131m:<\/strong> M\u00fc\u015fteri memnuniyetini en \u00fcst d\u00fczeye \u00e7\u0131karmak ad\u0131na, ara\u00e7lar\u0131m\u0131z d\u00fczenli olarak g\u00fcvenlik kontrol\u00fcnden ge\u00e7irilir ve bak\u0131mlar\u0131 titizlikle yap\u0131l\u0131r. G\u00fcvenli\u011finiz bizim i\u00e7in \u00f6nceliktir.<\/p><p style=\"text-align: justify;\"><strong>Esnek Kiralama Se\u00e7enekleri:<\/strong> \u0130htiyac\u0131n\u0131za uygun esnek kiralama se\u00e7enekleri sunuyoruz. G\u00fcn\u00fcbirlik kiralama, haftal\u0131k kiralama veya uzun vadeli kiralama se\u00e7enekleri aras\u0131ndan se\u00e7im yapabilirsiniz.<\/p><p style=\"text-align: justify;\"><strong>M\u00fc\u015fteri Deste\u011fi:<\/strong> Profesyonel ve dostane m\u00fc\u015fteri hizmetleri ekibimiz, her t\u00fcrl\u00fc sorunuzda size yard\u0131mc\u0131 olmak i\u00e7in haz\u0131r bekliyor. \u0130ster rezervasyon i\u015flemleriyle ilgili yard\u0131ma ihtiyac\u0131n\u0131z olsun, isterse kiralama s\u00fcreciyle ilgili bir sorun ya\u015fay\u0131n, size en iyi hizmeti sunmak i\u00e7in buraday\u0131z.<\/p><p style=\"text-align: justify;\"><strong>Ak Milenyum Oto Kiralama Ankara<\/strong> olarak, m\u00fc\u015fteri memnuniyetini en \u00fcst d\u00fczeye \u00e7\u0131karmay\u0131 ama\u00e7l\u0131yoruz. Siz de\u011ferli m\u00fc\u015fterilerimizle uzun vadeli bir i\u015f ili\u015fkisi kurmay\u0131 ve seyahat deneyiminizi unutulmaz k\u0131lmay\u0131 hedefliyoruz.<\/p><p style=\"text-align: justify;\">Bizimle birlikte seyahat edin, fark\u0131 ya\u015fay\u0131n!<\/p>\t\t\t\t\t\t<\/div>\n\t\t\t\t<\/div>\n\t\t\t\t<\/div>\n\t\t<div class=\"elementor-element elementor-element-1a015eb e-con-full e-flex e-con e-child\" data-id=\"1a015eb\" data-element_type=\"container\" data-settings=\"{&quot;content_width&quot;:&quot;full&quot;}\">\n\t\t\t\t<div class=\"elementor-element elementor-element-af5d698 elementor-widget elementor-widget-tm-ele-unordered-list\" data-id=\"af5d698\" data-element_type=\"widget\" data-widget_type=\"tm-ele-unordered-list.default\">\n\t\t\t\t<div class=\"elementor-widget-container\">\n\t\t\t<div class=\"tm-sc-unordered-list  list-style1\">\r\n\t<ul><li>Ayl\u0131k Filo Kiralama<\/li><li>Y\u0131ll\u0131k Filo Kiralama<\/li><li>G\u00fcnl\u00fck Ara\u00e7 Kiralama<\/li><li>Haftal\u0131k Ara\u00e7 Kiralama<\/li><li>\u015eof\u00f6rl\u00fc Ara\u00e7 Kiralama<\/li><li>Limuzin \u2013 L\u00fcks Ara\u00e7 Kiralamalar\u0131<\/li><li>Havaalan\u0131 Ara\u00e7 Kiralama<\/li><li>Havaalan\u0131-Otel \u00d6zel Transfer Hizmetleri<\/li><\/ul><\/div>\t\t<\/div>\n\t\t\t\t<\/div>\n\t\t\t\t<\/div>\n\t\t\t\t\t<\/div>\n\t\t\t\t<\/div>\n\t\t<div class=\"elementor-element elementor-element-4d7f0cf e-flex e-con-boxed e-con e-parent\" data-id=\"4d7f0cf\" data-element_type=\"container\" data-settings=\"{&quot;content_width&quot;:&quot;boxed&quot;}\" data-core-v316-plus=\"true\">\n\t\t\t\t\t<div class=\"e-con-inner\">\n\t\t\t\t\t<\/div>\n\t\t\t\t<\/div>\n\t\t\t\t\t\t\t<\/div>\n\t\t","protected":false},"excerpt":{"rendered":"<p>Ak Milenyum Oto Kiralama Ankara, sekt\u00f6rde lider, g\u00fcvenilir ve m\u00fc\u015fteri odakl\u0131 bir oto kiralama \u015firketidir. Firmam\u0131z, geni\u015f ara\u00e7 filosu, kaliteli&#8230;<\/p>\n","protected":false},"author":1,"featured_media":0,"parent":0,"menu_order":0,"comment_status":"closed","ping_status":"closed","template":"","meta":{"footnotes":""},"class_list":["post-48166","page","type-page","status-publish","hentry"],"_links":{"self":[{"href":"https:\/\/www.akmilenyum.com\/index.php\/wp-json\/wp\/v2\/pages\/48166","targetHints":{"allow":["GET"]}}],"collection":[{"href":"https:\/\/www.akmilenyum.com\/index.php\/wp-json\/wp\/v2\/pages"}],"about":[{"href":"https:\/\/www.akmilenyum.com\/index.php\/wp-json\/wp\/v2\/types\/page"}],"author":[{"embeddable":true,"href":"https:\/\/www.akmilenyum.com\/index.php\/wp-json\/wp\/v2\/users\/1"}],"replies":[{"embeddable":true,"href":"https:\/\/www.akmilenyum.com\/index.php\/wp-json\/wp\/v2\/comments?post=48166"}],"version-history":[{"count":7,"href":"https:\/\/www.akmilenyum.com\/index.php\/wp-json\/wp\/v2\/pages\/48166\/revisions"}],"predecessor-version":[{"id":48189,"href":"https:\/\/www.akmilenyum.com\/index.php\/wp-json\/wp\/v2\/pages\/48166\/revisions\/48189"}],"wp:attachment":[{"href":"https:\/\/www.akmilenyum.com\/index.php\/wp-json\/wp\/v2\/media?parent=48166"}],"curies":[{"name":"wp","href":"https:\/\/api.w.org\/{rel}","templated":true}]}}